{"id":394,"date":"2024-11-27T19:25:23","date_gmt":"2024-11-27T18:25:23","guid":{"rendered":"https:\/\/escapademimizan.fr\/?page_id=394"},"modified":"2024-11-27T19:35:39","modified_gmt":"2024-11-27T18:35:39","slug":"un-petit-effort-pour-la-planete","status":"publish","type":"page","link":"https:\/\/escapademimizan.fr\/?page_id=394","title":{"rendered":"Un petit effort pour la plan\u00e8te"},"content":{"rendered":"\n<div class=\"wp-block-media-text has-media-on-the-right is-stacked-on-mobile\"><div class=\"wp-block-media-text__content\">\n<p>Vous disposez d\u2019une poubelle de tri pour les papier et cartons et une pour les d\u00e9chets m\u00e9nagers. Vous trouverez un point de collecte pour les d\u00e9chets m\u00e9nagers \u00e0 150 m de la maison (point bleu sur la carte). D\u2019autres points accueillent les cartons, plastique verre .<\/p>\n\n\n\n<p>Nous avons identifi\u00e9 les point de proximit\u00e9 sur la carte . Le QR code vous indique l\u2019ensemble des points de collecte<\/p>\n<\/div><figure class=\"wp-block-media-text__media\"><img loading=\"lazy\" decoding=\"async\" width=\"641\" height=\"323\" src=\"https:\/\/escapademimizan.fr\/wp-content\/uploads\/2024\/11\/Livret-daccueil-T2-Mimizan-28-1.png\" alt=\"\" class=\"wp-image-399 size-full\" srcset=\"https:\/\/escapademimizan.fr\/wp-content\/uploads\/2024\/11\/Livret-daccueil-T2-Mimizan-28-1.png 641w, https:\/\/escapademimizan.fr\/wp-content\/uploads\/2024\/11\/Livret-daccueil-T2-Mimizan-28-1-300x151.png 300w\" sizes=\"auto, (max-width: 641px) 100vw, 641px\" \/><\/figure><\/div>\n\n\n<div class=\"wp-block-image\">\n<figure class=\"aligncenter size-large is-resized\"><img loading=\"lazy\" decoding=\"async\" width=\"724\" height=\"1024\" src=\"https:\/\/escapademimizan.fr\/wp-content\/uploads\/2024\/11\/Tous-eco-responsables-1-1-724x1024.png\" alt=\"\" class=\"wp-image-404\" style=\"width:498px;height:auto\" srcset=\"https:\/\/escapademimizan.fr\/wp-content\/uploads\/2024\/11\/Tous-eco-responsables-1-1-724x1024.png 724w, https:\/\/escapademimizan.fr\/wp-content\/uploads\/2024\/11\/Tous-eco-responsables-1-1-212x300.png 212w, https:\/\/escapademimizan.fr\/wp-content\/uploads\/2024\/11\/Tous-eco-responsables-1-1-768x1086.png 768w, https:\/\/escapademimizan.fr\/wp-content\/uploads\/2024\/11\/Tous-eco-responsables-1-1-1086x1536.png 1086w, https:\/\/escapademimizan.fr\/wp-content\/uploads\/2024\/11\/Tous-eco-responsables-1-1.png 1414w\" sizes=\"auto, (max-width: 724px) 100vw, 724px\" \/><\/figure>\n<\/div>\n\n<div class=\"wp-block-image\">\n<figure class=\"aligncenter size-full is-resized\"><img loading=\"lazy\" decoding=\"async\" width=\"794\" height=\"281\" src=\"https:\/\/escapademimizan.fr\/wp-content\/uploads\/2024\/11\/Livret-daccueil-T2-Mimizan-29-1.png\" alt=\"\" class=\"wp-image-402\" style=\"width:839px;height:auto\" srcset=\"https:\/\/escapademimizan.fr\/wp-content\/uploads\/2024\/11\/Livret-daccueil-T2-Mimizan-29-1.png 794w, https:\/\/escapademimizan.fr\/wp-content\/uploads\/2024\/11\/Livret-daccueil-T2-Mimizan-29-1-300x106.png 300w, https:\/\/escapademimizan.fr\/wp-content\/uploads\/2024\/11\/Livret-daccueil-T2-Mimizan-29-1-768x272.png 768w\" sizes=\"auto, (max-width: 794px) 100vw, 794px\" \/><\/figure>\n<\/div>","protected":false},"excerpt":{"rendered":"<p>Vous disposez d\u2019une poubelle de tri pour les papier et cartons et une pour les d\u00e9chets m\u00e9nagers. Vous trouverez un point de collecte pour les d\u00e9chets m\u00e9nagers \u00e0 150 m de la maison (point bleu sur la carte). D\u2019autres points accueillent les cartons, plastique verre . Nous avons identifi\u00e9 les point de proximit\u00e9 sur la &#8230; <a title=\"Un petit effort pour la plan\u00e8te\" class=\"read-more\" href=\"https:\/\/escapademimizan.fr\/?page_id=394\" aria-label=\"Read more about Un petit effort pour la plan\u00e8te\">Read more<\/a><\/p>\n","protected":false},"author":1,"featured_media":0,"parent":0,"menu_order":0,"comment_status":"closed","ping_status":"closed","template":"","meta":{"_ti_tpc_template_sync":false,"_ti_tpc_template_id":"","footnotes":""},"class_list":["post-394","page","type-page","status-publish"],"_links":{"self":[{"href":"https:\/\/escapademimizan.fr\/index.php?rest_route=\/wp\/v2\/pages\/394","targetHints":{"allow":["GET"]}}],"collection":[{"href":"https:\/\/escapademimizan.fr\/index.php?rest_route=\/wp\/v2\/pages"}],"about":[{"href":"https:\/\/escapademimizan.fr\/index.php?rest_route=\/wp\/v2\/types\/page"}],"author":[{"embeddable":true,"href":"https:\/\/escapademimizan.fr\/index.php?rest_route=\/wp\/v2\/users\/1"}],"replies":[{"embeddable":true,"href":"https:\/\/escapademimizan.fr\/index.php?rest_route=%2Fwp%2Fv2%2Fcomments&post=394"}],"version-history":[{"count":4,"href":"https:\/\/escapademimizan.fr\/index.php?rest_route=\/wp\/v2\/pages\/394\/revisions"}],"predecessor-version":[{"id":405,"href":"https:\/\/escapademimizan.fr\/index.php?rest_route=\/wp\/v2\/pages\/394\/revisions\/405"}],"wp:attachment":[{"href":"https:\/\/escapademimizan.fr\/index.php?rest_route=%2Fwp%2Fv2%2Fmedia&parent=394"}],"curies":[{"name":"wp","href":"https:\/\/api.w.org\/{rel}","templated":true}]}}