{"id":2,"date":"2024-11-10T12:07:23","date_gmt":"2024-11-10T11:07:23","guid":{"rendered":"http:\/\/escapademimizan.fr\/?page_id=2"},"modified":"2024-11-27T10:27:50","modified_gmt":"2024-11-27T09:27:50","slug":"page-d-exemple","status":"publish","type":"page","link":"https:\/\/escapademimizan.fr\/","title":{"rendered":"Accueil"},"content":{"rendered":"\n<div class=\"wp-block-media-text is-stacked-on-mobile\" style=\"grid-template-columns:38% auto\"><figure class=\"wp-block-media-text__media\"><img loading=\"lazy\" decoding=\"async\" width=\"768\" height=\"1024\" src=\"http:\/\/escapademimizan.fr\/wp-content\/uploads\/2024\/11\/IMG_5462-768x1024.jpg\" alt=\"\" class=\"wp-image-80 size-full\" srcset=\"https:\/\/escapademimizan.fr\/wp-content\/uploads\/2024\/11\/IMG_5462-768x1024.jpg 768w, https:\/\/escapademimizan.fr\/wp-content\/uploads\/2024\/11\/IMG_5462-225x300.jpg 225w, https:\/\/escapademimizan.fr\/wp-content\/uploads\/2024\/11\/IMG_5462-1152x1536.jpg 1152w, https:\/\/escapademimizan.fr\/wp-content\/uploads\/2024\/11\/IMG_5462-1536x2048.jpg 1536w, https:\/\/escapademimizan.fr\/wp-content\/uploads\/2024\/11\/IMG_5462-scaled.jpg 1920w\" sizes=\"auto, (max-width: 768px) 100vw, 768px\" \/><\/figure><div class=\"wp-block-media-text__content\">\n<p class=\"has-text-color has-link-color has-large-font-size wp-elements-048751009320f56ee8ec4d1c28627599\" style=\"color:#295477;font-style:normal;font-weight:800\"><strong>Bienvenue \u00e0 MIMIZAN<\/strong><\/p>\n\n\n\n<p class=\"has-medium-font-size\"><strong>D\u00e9couvrez <em>L\u2019Escapade<\/em><\/strong>, <\/p>\n\n\n\n<p>Notre logement de type T2 chaleureux et tout confort id\u00e9alement situ\u00e9 au c\u0153ur de Mimizan Plage, entre l\u2019oc\u00e9an et la for\u00eat landaise \u00e0 quelques m du courant de Mimizan et \u00e0 proximit\u00e9 des plages. Que vous soyez en qu\u00eate de d\u00e9tente au bord de l\u2019oc\u00e9an, de balades en pleine nature, ou de d\u00e9couvertes gastronomiques locales, notre logement vous offre un cadre id\u00e9al pour une escapade m\u00e9morable.<\/p>\n\n\n\n<p class=\"has-text-color has-link-color has-large-font-size wp-elements-2c43e961d447fa6081fc764296fb476c\" style=\"color:#295477\"> <strong>Welcome to Mimizan<\/strong><\/p>\n\n\n\n<p class=\"has-medium-font-size\"><strong>Discover L\u2019Escapade,<\/strong><\/p>\n\n\n\n<p>Our warm and comfortable two room housing ideally located in the heart of Mimizan Plage, between the ocean and the Landes forest, a few meters away from the current and close to the beaches. Whether you\u2019re looking to relax by the ocean, to take walks or to bike in nature, or to discover our local gastronomy, our housing offer an ideal setting for a memorable escapade.<\/p>\n\n\n\n<p><\/p>\n\n\n\n<p><\/p>\n<\/div><\/div>\n\n\n\n<p><\/p>\n\n\n\n<p><\/p>\n","protected":false},"excerpt":{"rendered":"<p>Bienvenue \u00e0 MIMIZAN D\u00e9couvrez L\u2019Escapade, Notre logement de type T2 chaleureux et tout confort id\u00e9alement situ\u00e9 au c\u0153ur de Mimizan Plage, entre l\u2019oc\u00e9an et la for\u00eat landaise \u00e0 quelques m du courant de Mimizan et \u00e0 proximit\u00e9 des plages. Que vous soyez en qu\u00eate de d\u00e9tente au bord de l\u2019oc\u00e9an, de balades en pleine nature, &#8230; <a title=\"Accueil\" class=\"read-more\" href=\"https:\/\/escapademimizan.fr\/\" aria-label=\"Read more about Accueil\">Read more<\/a><\/p>\n","protected":false},"author":1,"featured_media":0,"parent":0,"menu_order":0,"comment_status":"closed","ping_status":"open","template":"","meta":{"_ti_tpc_template_sync":false,"_ti_tpc_template_id":"","footnotes":""},"class_list":["post-2","page","type-page","status-publish"],"_links":{"self":[{"href":"https:\/\/escapademimizan.fr\/index.php?rest_route=\/wp\/v2\/pages\/2","targetHints":{"allow":["GET"]}}],"collection":[{"href":"https:\/\/escapademimizan.fr\/index.php?rest_route=\/wp\/v2\/pages"}],"about":[{"href":"https:\/\/escapademimizan.fr\/index.php?rest_route=\/wp\/v2\/types\/page"}],"author":[{"embeddable":true,"href":"https:\/\/escapademimizan.fr\/index.php?rest_route=\/wp\/v2\/users\/1"}],"replies":[{"embeddable":true,"href":"https:\/\/escapademimizan.fr\/index.php?rest_route=%2Fwp%2Fv2%2Fcomments&post=2"}],"version-history":[{"count":17,"href":"https:\/\/escapademimizan.fr\/index.php?rest_route=\/wp\/v2\/pages\/2\/revisions"}],"predecessor-version":[{"id":435,"href":"https:\/\/escapademimizan.fr\/index.php?rest_route=\/wp\/v2\/pages\/2\/revisions\/435"}],"wp:attachment":[{"href":"https:\/\/escapademimizan.fr\/index.php?rest_route=%2Fwp%2Fv2%2Fmedia&parent=2"}],"curies":[{"name":"wp","href":"https:\/\/api.w.org\/{rel}","templated":true}]}}