{"id":145,"date":"2024-11-11T11:19:33","date_gmt":"2024-11-11T10:19:33","guid":{"rendered":"https:\/\/escapademimizan.fr\/?page_id=145"},"modified":"2024-11-27T11:48:28","modified_gmt":"2024-11-27T10:48:28","slug":"votre-arrivee","status":"publish","type":"page","link":"https:\/\/escapademimizan.fr\/?page_id=145","title":{"rendered":"Votre Arriv\u00e9e"},"content":{"rendered":"\n<div class=\"wp-block-columns is-layout-flex wp-container-core-columns-is-layout-9d6595d7 wp-block-columns-is-layout-flex\">\n<div class=\"wp-block-column is-vertically-aligned-top is-layout-flow wp-block-column-is-layout-flow\" style=\"flex-basis:33.33%\"><div class=\"wp-block-image\">\n<figure class=\"alignright size-large is-resized\"><img loading=\"lazy\" decoding=\"async\" width=\"768\" height=\"1024\" src=\"https:\/\/escapademimizan.fr\/wp-content\/uploads\/2024\/11\/IMG_5419-1-768x1024.jpg\" alt=\"\" class=\"wp-image-159\" style=\"width:296px;height:auto\" srcset=\"https:\/\/escapademimizan.fr\/wp-content\/uploads\/2024\/11\/IMG_5419-1-768x1024.jpg 768w, https:\/\/escapademimizan.fr\/wp-content\/uploads\/2024\/11\/IMG_5419-1-225x300.jpg 225w, https:\/\/escapademimizan.fr\/wp-content\/uploads\/2024\/11\/IMG_5419-1-1152x1536.jpg 1152w, https:\/\/escapademimizan.fr\/wp-content\/uploads\/2024\/11\/IMG_5419-1-1536x2048.jpg 1536w, https:\/\/escapademimizan.fr\/wp-content\/uploads\/2024\/11\/IMG_5419-1-scaled.jpg 1920w\" sizes=\"auto, (max-width: 768px) 100vw, 768px\" \/><\/figure>\n<\/div><\/div>\n\n\n\n<div class=\"wp-block-column is-layout-flow wp-block-column-is-layout-flow\" style=\"flex-basis:66.66%\">\n<p class=\"has-contrast-3-color has-text-color has-link-color has-medium-font-size wp-elements-0d9951dd07f83d11034525b05d69caae\"><strong>L\u2019arriv\u00e9e \u00e0 partir de 16 h00<\/strong><\/p>\n\n\n\n<p>L\u2019arriv\u00e9e se fait \u00e0 partir de 16h00. <\/p>\n\n\n\n<p>Si vous pensez arriver plus t\u00f4t, veuillez nous en informer \u00e0 l\u2019avance afin que nous puissions faire les arrangements n\u00e9cessaires. Nous ferons de notre mieux pour accommoder votre demande en fonction des disponibilit\u00e9s. Merci de nous pr\u00e9venir dans la demi heure pr\u00e9c\u00e9dent votre arriv\u00e9e afin que nous puissions \u00eatre pr\u00e9sents sans d\u00e9lais \u00e0 votre arriv\u00e9e . Il y a un parking libre et gratuit devant le logement du c\u00f4t\u00e9 piste cyclable. L\u2019entr\u00e9e se fait sur le c\u00f4t\u00e9 .<\/p>\n\n\n\n<p class=\"has-accent-color has-base-2-background-color has-text-color has-background has-link-color wp-elements-1aa926ea51c4fc602674eb407931eafc\">Lors de votre arriv\u00e9e vous devez : R\u00e9gler les <strong>frais de m\u00e9nage obligatoires<\/strong> de <strong>50 \u20ac<\/strong> (par ch\u00e8que ou esp\u00e8ces) D\u00e9poser un <strong>ch\u00e8que de caution<\/strong> <strong>de 500\u20ac<\/strong> . Nous vous recommandons \u00e9galement de signaler la location \u00e0 votre assureur<\/p>\n<\/div>\n<\/div>\n\n\n\n<div class=\"wp-block-columns is-layout-flex wp-container-core-columns-is-layout-9d6595d7 wp-block-columns-is-layout-flex\">\n<div class=\"wp-block-column is-vertically-aligned-top is-layout-flow wp-block-column-is-layout-flow\" style=\"flex-basis:33.33%\"><div class=\"wp-block-image\">\n<figure class=\"alignright size-large is-resized\"><img loading=\"lazy\" decoding=\"async\" width=\"768\" height=\"1024\" src=\"http:\/\/escapademimizan.fr\/wp-content\/uploads\/2024\/11\/IMG_6249-768x1024.jpg\" alt=\"\" class=\"wp-image-181\" style=\"width:297px;height:auto\" srcset=\"https:\/\/escapademimizan.fr\/wp-content\/uploads\/2024\/11\/IMG_6249-768x1024.jpg 768w, https:\/\/escapademimizan.fr\/wp-content\/uploads\/2024\/11\/IMG_6249-225x300.jpg 225w, https:\/\/escapademimizan.fr\/wp-content\/uploads\/2024\/11\/IMG_6249-1152x1536.jpg 1152w, https:\/\/escapademimizan.fr\/wp-content\/uploads\/2024\/11\/IMG_6249-1536x2048.jpg 1536w, https:\/\/escapademimizan.fr\/wp-content\/uploads\/2024\/11\/IMG_6249-scaled.jpg 1920w\" sizes=\"auto, (max-width: 768px) 100vw, 768px\" \/><\/figure>\n<\/div><\/div>\n\n\n\n<div class=\"wp-block-column is-layout-flow wp-block-column-is-layout-flow\" style=\"flex-basis:66.66%\">\n<p class=\"has-contrast-3-color has-text-color has-link-color has-medium-font-size wp-elements-dd53b618670b2fc592e2d98253a09f98\"><strong>Le d\u00e9part avant 10 h00<\/strong><\/p>\n\n\n\n<p>Nous vous informons que votre d\u00e9part doit avoir lieu <strong>avant 10h00<\/strong> . <\/p>\n\n\n\n<p>Nous vous proposons de nous transmettre un SMS la veille de votre d\u00e9part <\/p>\n\n\n\n<p>(avant 18 h00) pour nous communiquer votre heure pr\u00e9visionnelle de d\u00e9part.<\/p>\n<\/div>\n<\/div>\n\n\n\n<p><\/p>\n","protected":false},"excerpt":{"rendered":"<p>L\u2019arriv\u00e9e \u00e0 partir de 16 h00 L\u2019arriv\u00e9e se fait \u00e0 partir de 16h00. Si vous pensez arriver plus t\u00f4t, veuillez nous en informer \u00e0 l\u2019avance afin que nous puissions faire les arrangements n\u00e9cessaires. Nous ferons de notre mieux pour accommoder votre demande en fonction des disponibilit\u00e9s. Merci de nous pr\u00e9venir dans la demi heure pr\u00e9c\u00e9dent &#8230; <a title=\"Votre Arriv\u00e9e\" class=\"read-more\" href=\"https:\/\/escapademimizan.fr\/?page_id=145\" aria-label=\"Read more about Votre Arriv\u00e9e\">Read more<\/a><\/p>\n","protected":false},"author":1,"featured_media":0,"parent":0,"menu_order":0,"comment_status":"closed","ping_status":"closed","template":"","meta":{"_ti_tpc_template_sync":false,"_ti_tpc_template_id":"","footnotes":""},"class_list":["post-145","page","type-page","status-publish"],"_links":{"self":[{"href":"https:\/\/escapademimizan.fr\/index.php?rest_route=\/wp\/v2\/pages\/145","targetHints":{"allow":["GET"]}}],"collection":[{"href":"https:\/\/escapademimizan.fr\/index.php?rest_route=\/wp\/v2\/pages"}],"about":[{"href":"https:\/\/escapademimizan.fr\/index.php?rest_route=\/wp\/v2\/types\/page"}],"author":[{"embeddable":true,"href":"https:\/\/escapademimizan.fr\/index.php?rest_route=\/wp\/v2\/users\/1"}],"replies":[{"embeddable":true,"href":"https:\/\/escapademimizan.fr\/index.php?rest_route=%2Fwp%2Fv2%2Fcomments&post=145"}],"version-history":[{"count":6,"href":"https:\/\/escapademimizan.fr\/index.php?rest_route=\/wp\/v2\/pages\/145\/revisions"}],"predecessor-version":[{"id":316,"href":"https:\/\/escapademimizan.fr\/index.php?rest_route=\/wp\/v2\/pages\/145\/revisions\/316"}],"wp:attachment":[{"href":"https:\/\/escapademimizan.fr\/index.php?rest_route=%2Fwp%2Fv2%2Fmedia&parent=145"}],"curies":[{"name":"wp","href":"https:\/\/api.w.org\/{rel}","templated":true}]}}