{"id":127,"date":"2024-11-11T11:07:06","date_gmt":"2024-11-11T10:07:06","guid":{"rendered":"https:\/\/escapademimizan.fr\/?page_id=127"},"modified":"2025-07-16T17:30:49","modified_gmt":"2025-07-16T15:30:49","slug":"127-2","status":"publish","type":"page","link":"https:\/\/escapademimizan.fr\/?page_id=127","title":{"rendered":"Explorez Mimizan"},"content":{"rendered":"\n<div class=\"wp-block-columns is-layout-flex wp-container-core-columns-is-layout-9d6595d7 wp-block-columns-is-layout-flex\">\n<div class=\"wp-block-column is-layout-flow wp-block-column-is-layout-flow\" style=\"flex-basis:66.66%\">\n<p class=\"has-contrast-3-color has-text-color has-link-color wp-elements-44d823bf34073716d41b2ce8893f953e\"><strong>CONFORT ET NATURE<\/strong><\/p>\n\n\n\n<p>Notre logement est situ\u00e9 au bord du courant et \u00e0 proximit\u00e9 d\u2019une for\u00eat, c\u2019est le point de d\u00e9part de multiples balades ! <\/p>\n\n\n\n<p>Situ\u00e9 \u00e0 1Km de la plage du courant, \u00e0 moins de 3km de l&#8217;oc\u00e9an et des commerces de Mimizan plage, \u00e0 4km environ de Mimizan Bourg et de ses petits commerces : courses, balades, vous pouvez tout faire \u00e0 v\u00e9lo!<\/p>\n\n\n\n<p class=\"has-base-3-color has-global-color-8-background-color has-text-color has-background has-link-color wp-elements-5f9141fcd657ba0bbd38c1dbe6b0f981\"><font style=\"vertical-align: inherit;\"><font style=\"vertical-align: inherit;\">Si vous le souhaitez nous mettre \u00e0 votre disposition deux v\u00e9los gratuitement.<\/font><\/font><\/p>\n\n\n\n<p class=\"has-contrast-3-color has-text-color has-link-color wp-elements-24e219768e36f5d2f96f9136ab0bd2cd\"><strong>A COTE DE LA PISTE CYCLABLE<\/strong><\/p>\n\n\n\n<p class=\"has-text-align-left has-accent-color has-text-color has-background has-link-color wp-elements-8ec2a880695e98ad87f07f9ccd771f92\" style=\"background-color:#f0f4f9\">Vous trouverez dans le logement avec le livret d&#8217;accueil un plan des pistes cyclables. Depuis votre porte rejoignez la <strong><font style=\"vertical-align: inherit;\"><font style=\"vertical-align: inherit;\">c\u00e9l\u00e8bre V\u00e9lodyss\u00e9e<\/font><\/font><\/strong><font style=\"vertical-align: inherit;\"><font style=\"vertical-align: inherit;\"> jusqu&#8217;\u00e0 la c\u00f4te Basque !<\/font><\/font><\/p>\n\n\n\n<p class=\"has-contrast-3-color has-text-color has-link-color wp-elements-b68396490fd82bc5996b47d0806641ed\"><strong>SPORT ET DETENTE<\/strong><\/p>\n\n\n\n<p>Que vous soyez amateur de surf, de randonn\u00e9e ou de simples balades le long du Courant, de la promenade fleurie ou dans les bois de pins, vous trouverez dans de multiples informations et parcours dans les d\u00e9pliants mis \u00e0 votre disposition.<\/p>\n\n\n\n<p>Nous vous conseillons \u00e9galement de pousser la porte de l\u2019Office du tourisme qui regorge de bonnes id\u00e9es !<\/p>\n<\/div>\n\n\n\n<div class=\"wp-block-column is-layout-flow wp-block-column-is-layout-flow\" style=\"flex-basis:33.33%\">\n<figure class=\"wp-block-image size-full\"><img loading=\"lazy\" decoding=\"async\" width=\"311\" height=\"656\" src=\"http:\/\/escapademimizan.fr\/wp-content\/uploads\/2024\/11\/Livret-daccueil-T2-Mimizan-12.png\" alt=\"\" class=\"wp-image-134\" srcset=\"https:\/\/escapademimizan.fr\/wp-content\/uploads\/2024\/11\/Livret-daccueil-T2-Mimizan-12.png 311w, https:\/\/escapademimizan.fr\/wp-content\/uploads\/2024\/11\/Livret-daccueil-T2-Mimizan-12-142x300.png 142w\" sizes=\"auto, (max-width: 311px) 100vw, 311px\" \/><\/figure>\n<\/div>\n<\/div>\n\n\n\n<div class=\"wp-block-group is-layout-grid wp-container-core-group-is-layout-9649a0d9 wp-block-group-is-layout-grid\">\n<figure class=\"wp-block-image size-large\"><img loading=\"lazy\" decoding=\"async\" width=\"768\" height=\"1024\" src=\"http:\/\/escapademimizan.fr\/wp-content\/uploads\/2024\/11\/IMG_6259-768x1024.jpg\" alt=\"\" class=\"wp-image-183\" srcset=\"https:\/\/escapademimizan.fr\/wp-content\/uploads\/2024\/11\/IMG_6259-768x1024.jpg 768w, https:\/\/escapademimizan.fr\/wp-content\/uploads\/2024\/11\/IMG_6259-225x300.jpg 225w, https:\/\/escapademimizan.fr\/wp-content\/uploads\/2024\/11\/IMG_6259-1152x1536.jpg 1152w, https:\/\/escapademimizan.fr\/wp-content\/uploads\/2024\/11\/IMG_6259-1536x2048.jpg 1536w, https:\/\/escapademimizan.fr\/wp-content\/uploads\/2024\/11\/IMG_6259-scaled.jpg 1920w\" sizes=\"auto, (max-width: 768px) 100vw, 768px\" \/><\/figure>\n\n\n\n<figure class=\"wp-block-image size-large\"><img loading=\"lazy\" decoding=\"async\" width=\"768\" height=\"1024\" src=\"http:\/\/escapademimizan.fr\/wp-content\/uploads\/2024\/11\/IMG_5376-768x1024.jpg\" alt=\"\" class=\"wp-image-222\" srcset=\"https:\/\/escapademimizan.fr\/wp-content\/uploads\/2024\/11\/IMG_5376-768x1024.jpg 768w, https:\/\/escapademimizan.fr\/wp-content\/uploads\/2024\/11\/IMG_5376-225x300.jpg 225w, https:\/\/escapademimizan.fr\/wp-content\/uploads\/2024\/11\/IMG_5376-1152x1536.jpg 1152w, https:\/\/escapademimizan.fr\/wp-content\/uploads\/2024\/11\/IMG_5376-1536x2048.jpg 1536w, https:\/\/escapademimizan.fr\/wp-content\/uploads\/2024\/11\/IMG_5376-scaled.jpg 1920w\" sizes=\"auto, (max-width: 768px) 100vw, 768px\" \/><\/figure>\n\n\n\n<figure class=\"wp-block-image size-large\"><img loading=\"lazy\" decoding=\"async\" width=\"768\" height=\"1024\" src=\"http:\/\/escapademimizan.fr\/wp-content\/uploads\/2024\/11\/IMG_5938-768x1024.jpg\" alt=\"\" class=\"wp-image-182\" srcset=\"https:\/\/escapademimizan.fr\/wp-content\/uploads\/2024\/11\/IMG_5938-768x1024.jpg 768w, https:\/\/escapademimizan.fr\/wp-content\/uploads\/2024\/11\/IMG_5938-225x300.jpg 225w, https:\/\/escapademimizan.fr\/wp-content\/uploads\/2024\/11\/IMG_5938-1152x1536.jpg 1152w, https:\/\/escapademimizan.fr\/wp-content\/uploads\/2024\/11\/IMG_5938-1536x2048.jpg 1536w, https:\/\/escapademimizan.fr\/wp-content\/uploads\/2024\/11\/IMG_5938-scaled.jpg 1920w\" sizes=\"auto, (max-width: 768px) 100vw, 768px\" \/><\/figure>\n\n\n\n<figure class=\"wp-block-image size-large\"><img loading=\"lazy\" decoding=\"async\" width=\"768\" height=\"1024\" src=\"http:\/\/escapademimizan.fr\/wp-content\/uploads\/2024\/11\/IMG_6257-768x1024.jpg\" alt=\"\" class=\"wp-image-180\" srcset=\"https:\/\/escapademimizan.fr\/wp-content\/uploads\/2024\/11\/IMG_6257-768x1024.jpg 768w, https:\/\/escapademimizan.fr\/wp-content\/uploads\/2024\/11\/IMG_6257-225x300.jpg 225w, https:\/\/escapademimizan.fr\/wp-content\/uploads\/2024\/11\/IMG_6257-1152x1536.jpg 1152w, https:\/\/escapademimizan.fr\/wp-content\/uploads\/2024\/11\/IMG_6257-1536x2048.jpg 1536w, https:\/\/escapademimizan.fr\/wp-content\/uploads\/2024\/11\/IMG_6257-scaled.jpg 1920w\" sizes=\"auto, (max-width: 768px) 100vw, 768px\" \/><\/figure>\n\n\n\n<figure class=\"wp-block-image size-large\"><img loading=\"lazy\" decoding=\"async\" width=\"768\" height=\"1024\" src=\"http:\/\/escapademimizan.fr\/wp-content\/uploads\/2024\/11\/IMG_5935-768x1024.jpg\" alt=\"\" class=\"wp-image-179\" srcset=\"https:\/\/escapademimizan.fr\/wp-content\/uploads\/2024\/11\/IMG_5935-768x1024.jpg 768w, https:\/\/escapademimizan.fr\/wp-content\/uploads\/2024\/11\/IMG_5935-225x300.jpg 225w, https:\/\/escapademimizan.fr\/wp-content\/uploads\/2024\/11\/IMG_5935-1152x1536.jpg 1152w, https:\/\/escapademimizan.fr\/wp-content\/uploads\/2024\/11\/IMG_5935-1536x2048.jpg 1536w, https:\/\/escapademimizan.fr\/wp-content\/uploads\/2024\/11\/IMG_5935-scaled.jpg 1920w\" sizes=\"auto, (max-width: 768px) 100vw, 768px\" \/><\/figure>\n<\/div>\n\n\n\n<div class=\"wp-block-columns is-layout-flex wp-container-core-columns-is-layout-9d6595d7 wp-block-columns-is-layout-flex\">\n<div class=\"wp-block-column is-vertically-aligned-top is-layout-flow wp-block-column-is-layout-flow\" style=\"flex-basis:66.66%\">\n<p class=\"has-contrast-3-color has-text-color has-link-color wp-elements-64aea96c4e9e7bb959237139ae7c86f5\" style=\"font-size:18px;letter-spacing:2px;text-transform:uppercase\"><strong>Pratique<\/strong><\/p>\n<\/div>\n<\/div>\n\n\n\n<div class=\"wp-block-buttons is-content-justification-center is-layout-flex wp-container-core-buttons-is-layout-16018d1d wp-block-buttons-is-layout-flex\">\n<div class=\"wp-block-button\"><a class=\"wp-block-button__link wp-element-button\" href=\"https:\/\/www.plages-landes.info\/\" target=\"_blank\" rel=\"noreferrer noopener\">Infoplage<\/a><\/div>\n\n\n\n<div class=\"wp-block-button\"><a class=\"wp-block-button__link wp-element-button\" href=\"https:\/\/www.trans-landes.fr\/\" target=\"_blank\" rel=\"noreferrer noopener\">Infotransports<\/a><\/div>\n\n\n\n<div class=\"wp-block-button\"><a class=\"wp-block-button__link wp-element-button\" href=\"https:\/\/www.mimizan-tourisme.com\/\" target=\"_blank\" rel=\"noreferrer noopener\">Office du Tourisme de Mimizan<\/a><\/div>\n\n\n\n<div class=\"wp-block-button\"><a class=\"wp-block-button__link wp-element-button\" href=\"https:\/\/www.mimizan-tourisme.com\/infos-pratiques\/carte-interactive.html\" target=\"_blank\" rel=\"noreferrer noopener\">Carte Mimizan Tourisme<\/a><\/div>\n\n\n\n<div class=\"wp-block-button\"><a class=\"wp-block-button__link wp-element-button\" href=\"https:\/\/www.tourismelandes.com\/espace_pro\/qui-sommes-nous\/notre-structure\/\" target=\"_blank\" rel=\"noreferrer noopener\">OIT LAndes<\/a><\/div>\n<\/div>\n\n\n\n<div class=\"wp-block-buttons is-content-justification-center is-layout-flex wp-container-core-buttons-is-layout-16018d1d wp-block-buttons-is-layout-flex\">\n<div class=\"wp-block-button\"><a class=\"wp-block-button__link has-global-color-8-background-color has-background wp-element-button\" href=\"https:\/\/www.mimizan-tourisme.com\/fileadmin\/documents\/brochures-guides\/2024_plan_ville.pdf\" target=\"_blank\" rel=\"noreferrer noopener\">T\u00e9l\u00e9charger le plan de Mimizan (site de l&#8217;Office du Tourisme)<\/a><\/div>\n<\/div>\n\n\n\n<div class=\"wp-block-buttons is-content-justification-center is-layout-flex wp-container-core-buttons-is-layout-16018d1d wp-block-buttons-is-layout-flex\">\n<div class=\"wp-block-button\"><a class=\"wp-block-button__link wp-element-button\" href=\"https:\/\/www.lavelodyssee.com\/itineraire\/mimizan-plage-leon\" target=\"_blank\" rel=\"noreferrer noopener\">V\u00e9lodyss\u00e9e<\/a><\/div>\n\n\n\n<div class=\"wp-block-button\"><a class=\"wp-block-button__link wp-element-button\" href=\"https:\/\/www.tourismelandes.com\/preparer-mon-sejour\/activites\/pistes-cyclables\/\" target=\"_blank\" rel=\"noreferrer noopener\">Pistes cyclables<\/a><\/div>\n\n\n\n<div class=\"wp-block-button\"><a class=\"wp-block-button__link wp-element-button\" href=\"https:\/\/www.tourismelandes.com\/preparer-mon-sejour\/activites\/ecoles-de-surf\/\" target=\"_blank\" rel=\"noreferrer noopener\">Ecole de surf<\/a><\/div>\n\n\n\n<div class=\"wp-block-button\"><a class=\"wp-block-button__link wp-element-button\" href=\"https:\/\/www.tourismelandes.com\/preparer-mon-sejour\/activites\/circuits-running\" target=\"_blank\" rel=\"noreferrer noopener\">Circuit running<\/a><\/div>\n\n\n\n<div class=\"wp-block-button\"><a class=\"wp-block-button__link wp-element-button\" href=\"https:\/\/www.mimizan-tourisme.com\/bouger.html\" target=\"_blank\" rel=\"noreferrer noopener\">Bouger !<\/a><\/div>\n<\/div>\n\n\n\n<p><\/p>\n\n\n\n<p class=\"has-global-color-9-color has-text-color has-link-color wp-elements-811d82c82f532c995c800815f3adb5a8\" style=\"font-size:16px;text-transform:uppercase\"><strong>Envie de savourer l\u2019art de vivre landais ? <\/strong><\/p>\n\n\n\n<p>\u00c0 Mimizan,<strong> la convivialit\u00e9 des march\u00e9s et des petits commerces<\/strong> vous attend pour une exp\u00e9rience authentique et gourmande. Le march\u00e9 couvert de Mimizan Plage, ouvert toute l&#8217;ann\u00e9e, regorge de produits locaux : fruits et l\u00e9gumes de saison et sp\u00e9cialit\u00e9s artisanales, comme les p\u00e2tisseries landaises ou les vins des vignobles r\u00e9gionaux.<\/p>\n\n\n\n<p>Fl\u00e2nez dans les rues commer\u00e7antes pour d\u00e9couvrir des \u00e9piceries fines, (comme Saveurs et Douceurs \u00e0 Mimizan Bourg), des p\u00e2tisseries locales ( le <strong>fameux pastis landais<\/strong> ) ou laissez-vous tenter par les caves de Mimizan Plage (Vin\u2019Aroha) proposant des vins soigneusement s\u00e9lectionn\u00e9s. Enfin, profitez des march\u00e9s traditionnels : le vendredi \u00e0 Mimizan Bourg, le jeudi \u00e0 la plage ou les march\u00e9s nocturnes estivaux \u00e0 Mimizan Plage, parfaits pour d\u00e9nicher des produits artisanaux et locaux.<\/p>\n\n\n\n<p>Mimizan propose aussi de nombreux restaurants, salons de th\u00e9 et espaces gourmands o\u00f9 vous pourrez d\u00e9couvrir les sp\u00e9cialit\u00e9s locales, savourer une glace artisanale ou d\u00e9guster une boisson chaude, selon vos envies. Venez d\u00e9couvrir la richesse du terroir Landais et sa douceur de vivre , le temps d&#8217;une pause gourmande \u00e0 tout moment de la journ\u00e9e \ud83d\ude42<\/p>\n\n\n\n<p>Pour plus d\u2019id\u00e9es et adresses, consultez les bonnes adresses de notre livret d&#8217;accueil . L\u2019Office du Tourisme est aussi une ressource id\u00e9ale !<\/p>\n\n\n<div class=\"wp-block-image\">\n<figure class=\"aligncenter size-full is-resized\"><img loading=\"lazy\" decoding=\"async\" width=\"829\" height=\"238\" src=\"https:\/\/escapademimizan.fr\/wp-content\/uploads\/2024\/11\/Livret-daccueil-T2-Mimizan-19.png\" alt=\"\" class=\"wp-image-300\" style=\"width:739px;height:auto\" srcset=\"https:\/\/escapademimizan.fr\/wp-content\/uploads\/2024\/11\/Livret-daccueil-T2-Mimizan-19.png 829w, https:\/\/escapademimizan.fr\/wp-content\/uploads\/2024\/11\/Livret-daccueil-T2-Mimizan-19-300x86.png 300w, https:\/\/escapademimizan.fr\/wp-content\/uploads\/2024\/11\/Livret-daccueil-T2-Mimizan-19-768x220.png 768w\" sizes=\"auto, (max-width: 829px) 100vw, 829px\" \/><\/figure>\n<\/div>\n\n<div class=\"wp-block-image\">\n<figure class=\"aligncenter size-full\"><img loading=\"lazy\" decoding=\"async\" width=\"629\" height=\"312\" src=\"https:\/\/escapademimizan.fr\/wp-content\/uploads\/2024\/11\/image.png\" alt=\"\" class=\"wp-image-379\" srcset=\"https:\/\/escapademimizan.fr\/wp-content\/uploads\/2024\/11\/image.png 629w, https:\/\/escapademimizan.fr\/wp-content\/uploads\/2024\/11\/image-300x149.png 300w\" sizes=\"auto, (max-width: 629px) 100vw, 629px\" \/><\/figure>\n<\/div>\n\n\n<div class=\"wp-block-columns is-layout-flex wp-container-core-columns-is-layout-9d6595d7 wp-block-columns-is-layout-flex\">\n<div class=\"wp-block-column is-layout-flow wp-block-column-is-layout-flow\" style=\"flex-basis:66.66%\">\n<h3 class=\"wp-block-heading has-contrast-3-color has-text-color has-link-color wp-elements-33a233a4a5b245eab26947d8bd284f5c\" style=\"font-size:16px;text-transform:uppercase\"><strong>Nouveau \u00e0 Mimizan Plage<\/strong> \ud83e\uddf3\ud83d\ude8c<\/h3>\n\n\n\n<p>Besoin de profiter de la plage les mains libres ? \u00c0 partir du <strong>samedi 5 juillet et jusqu\u2019au 31 ao\u00fbt<\/strong>, un <strong>service de bagagerie<\/strong> ouvre ses portes <strong>tous les jours de 11h \u00e0 18h<\/strong>, juste \u00e0 c\u00f4t\u00e9 de l\u2019Office de Tourisme, dans les anciens locaux de la police municipale.<br>D\u00e9posez en toute s\u00e9curit\u00e9 valises, poussettes, casques, blousons ou v\u00e9los pour <strong>6\u202f\u20ac par bagage<\/strong>, le temps de votre arriv\u00e9e ou d\u2019une journ\u00e9e tranquille.<\/p>\n\n\n\n<p><br>\ud83d\udcf2 R\u00e9servez en ligne ou sur place via <a class=\"\" href=\"https:\/\/www.edmond-voyage.com\/\">edmond-voyage.com<\/a><br>Un service solidaire assur\u00e9 par l\u2019\u00e9quipe de <strong>S\u00e8ve 40<\/strong>, avec le soutien de la ville de <strong>Mimizan<\/strong>.<\/p>\n\n\n\n<p>Et pour faciliter vos d\u00e9placements, <strong>3 navettes estivales gratuites<\/strong> vous attendent du <strong>7 juillet au 31 ao\u00fbt<\/strong> :<\/p>\n\n\n\n<ul class=\"wp-block-list\">\n<li><strong>Mimizan Bourg \u2194 Mimizan Plage<\/strong><\/li>\n\n\n\n<li><strong>Bias \u2194 Plage de Lespecier<\/strong><\/li>\n\n\n\n<li><strong>Aureilhan (campings) \u2194 Mimizan Plage<\/strong><\/li>\n<\/ul>\n<\/div>\n\n\n\n<div class=\"wp-block-column is-layout-flow wp-block-column-is-layout-flow\" style=\"flex-basis:33.33%\">\n<div class=\"wp-block-columns are-vertically-aligned-bottom is-layout-flex wp-container-core-columns-is-layout-9d6595d7 wp-block-columns-is-layout-flex\">\n<div class=\"wp-block-column is-vertically-aligned-bottom is-layout-flow wp-block-column-is-layout-flow\"><div class=\"wp-block-image\">\n<figure class=\"aligncenter size-full\"><img loading=\"lazy\" decoding=\"async\" width=\"377\" height=\"548\" src=\"http:\/\/escapademimizan.fr\/wp-content\/uploads\/2025\/07\/Capture-decran-2025-07-16-171115.png\" alt=\"\" class=\"wp-image-440\" srcset=\"https:\/\/escapademimizan.fr\/wp-content\/uploads\/2025\/07\/Capture-decran-2025-07-16-171115.png 377w, https:\/\/escapademimizan.fr\/wp-content\/uploads\/2025\/07\/Capture-decran-2025-07-16-171115-206x300.png 206w\" sizes=\"auto, (max-width: 377px) 100vw, 377px\" \/><\/figure>\n<\/div><\/div>\n\n\n\n<div class=\"wp-block-column is-vertically-aligned-bottom is-layout-flow wp-block-column-is-layout-flow\"><div class=\"wp-block-image\">\n<figure class=\"aligncenter size-full\"><img loading=\"lazy\" decoding=\"async\" width=\"389\" height=\"550\" src=\"http:\/\/escapademimizan.fr\/wp-content\/uploads\/2025\/07\/Capture-decran-2025-07-16-171158.png\" alt=\"\" class=\"wp-image-441\" srcset=\"https:\/\/escapademimizan.fr\/wp-content\/uploads\/2025\/07\/Capture-decran-2025-07-16-171158.png 389w, https:\/\/escapademimizan.fr\/wp-content\/uploads\/2025\/07\/Capture-decran-2025-07-16-171158-212x300.png 212w\" sizes=\"auto, (max-width: 389px) 100vw, 389px\" \/><\/figure>\n<\/div><\/div>\n<\/div>\n\n\n\n<p class=\"has-global-color-8-color has-text-color has-link-color wp-elements-2e39ea9dfdf92c1abf036ff661941c84\" style=\"font-size:16px\"><a href=\"http:\/\/escapademimizan.fr\/wp-content\/uploads\/2025\/07\/2025_Navette-Mimizan-ete.pdf\" target=\"_blank\" rel=\"noreferrer noopener\"><strong>D\u00e9tail Navette<\/strong><\/a><\/p>\n\n\n\n<p class=\"has-global-color-8-color has-text-color has-link-color wp-elements-773daea47dba9fce54e8e49bec970046\" style=\"font-size:16px\"><a href=\"http:\/\/escapademimizan.fr\/wp-content\/uploads\/2025\/07\/2025_Bagagerie_Affiche-bagagerie.pdf\" target=\"_blank\" rel=\"noreferrer noopener\"><strong>D\u00e9tail Bagagerie<\/strong><\/a><\/p>\n<\/div>\n<\/div>\n\n\n\n<p class=\"has-contrast-3-color has-text-color has-link-color wp-elements-81fee4ada87fed5978044a6d46bb1717\" style=\"font-size:16px;text-transform:uppercase\"><strong>Infos \u00e9t\u00e9  2025 <\/strong><\/p>\n\n\n\n<div class=\"wp-block-columns is-layout-flex wp-container-core-columns-is-layout-9d6595d7 wp-block-columns-is-layout-flex\">\n<div class=\"wp-block-column is-layout-flow wp-block-column-is-layout-flow\">\n<figure class=\"wp-block-image size-full\"><img loading=\"lazy\" decoding=\"async\" width=\"393\" height=\"557\" src=\"http:\/\/escapademimizan.fr\/wp-content\/uploads\/2025\/07\/Capture-decran-2025-07-16-172137.png\" alt=\"\" class=\"wp-image-448\" srcset=\"https:\/\/escapademimizan.fr\/wp-content\/uploads\/2025\/07\/Capture-decran-2025-07-16-172137.png 393w, https:\/\/escapademimizan.fr\/wp-content\/uploads\/2025\/07\/Capture-decran-2025-07-16-172137-212x300.png 212w\" sizes=\"auto, (max-width: 393px) 100vw, 393px\" \/><\/figure>\n<\/div>\n\n\n\n<div class=\"wp-block-column is-layout-flow wp-block-column-is-layout-flow\"><\/div>\n\n\n\n<div class=\"wp-block-column is-layout-flow wp-block-column-is-layout-flow\"><\/div>\n<\/div>\n","protected":false},"excerpt":{"rendered":"<p>CONFORT ET NATURE Notre logement est situ\u00e9 au bord du courant et \u00e0 proximit\u00e9 d\u2019une for\u00eat, c\u2019est le point de d\u00e9part de multiples balades ! Situ\u00e9 \u00e0 1Km de la plage du courant, \u00e0 moins de 3km de l&#8217;oc\u00e9an et des commerces de Mimizan plage, \u00e0 4km environ de Mimizan Bourg et de ses petits &#8230; <a title=\"Explorez Mimizan\" class=\"read-more\" href=\"https:\/\/escapademimizan.fr\/?page_id=127\" aria-label=\"Read more about Explorez Mimizan\">Read more<\/a><\/p>\n","protected":false},"author":1,"featured_media":0,"parent":0,"menu_order":0,"comment_status":"closed","ping_status":"closed","template":"","meta":{"_ti_tpc_template_sync":false,"_ti_tpc_template_id":"","footnotes":""},"class_list":["post-127","page","type-page","status-publish"],"_links":{"self":[{"href":"https:\/\/escapademimizan.fr\/index.php?rest_route=\/wp\/v2\/pages\/127","targetHints":{"allow":["GET"]}}],"collection":[{"href":"https:\/\/escapademimizan.fr\/index.php?rest_route=\/wp\/v2\/pages"}],"about":[{"href":"https:\/\/escapademimizan.fr\/index.php?rest_route=\/wp\/v2\/types\/page"}],"author":[{"embeddable":true,"href":"https:\/\/escapademimizan.fr\/index.php?rest_route=\/wp\/v2\/users\/1"}],"replies":[{"embeddable":true,"href":"https:\/\/escapademimizan.fr\/index.php?rest_route=%2Fwp%2Fv2%2Fcomments&post=127"}],"version-history":[{"count":39,"href":"https:\/\/escapademimizan.fr\/index.php?rest_route=\/wp\/v2\/pages\/127\/revisions"}],"predecessor-version":[{"id":452,"href":"https:\/\/escapademimizan.fr\/index.php?rest_route=\/wp\/v2\/pages\/127\/revisions\/452"}],"wp:attachment":[{"href":"https:\/\/escapademimizan.fr\/index.php?rest_route=%2Fwp%2Fv2%2Fmedia&parent=127"}],"curies":[{"name":"wp","href":"https:\/\/api.w.org\/{rel}","templated":true}]}}