{"id":121,"date":"2024-11-11T10:36:29","date_gmt":"2024-11-11T09:36:29","guid":{"rendered":"https:\/\/escapademimizan.fr\/?page_id=121"},"modified":"2024-11-27T14:15:44","modified_gmt":"2024-11-27T13:15:44","slug":"les-regles-de-la-maison","status":"publish","type":"page","link":"https:\/\/escapademimizan.fr\/?page_id=121","title":{"rendered":"Les r\u00e8gles de la maison"},"content":{"rendered":"\n<div class=\"wp-block-columns is-layout-flex wp-container-core-columns-is-layout-9d6595d7 wp-block-columns-is-layout-flex\">\n<div class=\"wp-block-column is-layout-flow wp-block-column-is-layout-flow\" style=\"flex-basis:66.66%\">\n<p class=\"has-text-color has-link-color has-medium-font-size wp-elements-ce6bc203612fab7a3cfb0f26d8dc823f\" style=\"color:#3e849c\">Afin de garantir une exp\u00e9rience agr\u00e9able pour tous nos h\u00f4tes nous vous demandons de respecter les r\u00e8gles suivantes :<\/p>\n\n\n\n<div class=\"wp-block-media-text is-stacked-on-mobile is-vertically-aligned-center\" style=\"grid-template-columns:15% auto\"><figure class=\"wp-block-media-text__media\"><img loading=\"lazy\" decoding=\"async\" width=\"78\" height=\"77\" src=\"http:\/\/escapademimizan.fr\/wp-content\/uploads\/2024\/11\/Livret-daccueil-T2-Mimizan-28.png\" alt=\"\" class=\"wp-image-305 size-full\"\/><\/figure><div class=\"wp-block-media-text__content\">\n<p><\/p>\n\n\n\n<p>Nous avons une politique stricte non fumeur \u00e0 l\u2019int\u00e9rieur du logement. Aussi nous vous prions de fumer en ext\u00e9rieur uniquement et de disposer de vos m\u00e9gots de mani\u00e8re responsable .<\/p>\n<\/div><\/div>\n\n\n\n<div class=\"wp-block-media-text is-stacked-on-mobile\" style=\"grid-template-columns:15% auto\"><figure class=\"wp-block-media-text__media\"><img loading=\"lazy\" decoding=\"async\" width=\"85\" height=\"79\" src=\"http:\/\/escapademimizan.fr\/wp-content\/uploads\/2024\/11\/Livret-daccueil-T2-Mimizan-27.png\" alt=\"\" class=\"wp-image-304 size-full\"\/><\/figure><div class=\"wp-block-media-text__content\">\n<p><\/p>\n\n\n\n<p>Animaux de compagnie : nous regrettons de ne pas pouvoir accueillir d\u2019animaux dans notre maison afin de maintenir un environnement propre et sans allerg\u00e8ne pour l\u2019ensemble de nos invit\u00e9s .<\/p>\n<\/div><\/div>\n\n\n\n<div class=\"wp-block-media-text is-stacked-on-mobile\" style=\"grid-template-columns:15% auto\"><figure class=\"wp-block-media-text__media\"><img loading=\"lazy\" decoding=\"async\" width=\"105\" height=\"103\" src=\"https:\/\/escapademimizan.fr\/wp-content\/uploads\/2024\/11\/Livret-daccueil-T2-Mimizan-47.png\" alt=\"\" class=\"wp-image-372 size-full\"\/><\/figure><div class=\"wp-block-media-text__content\">\n<p><\/p>\n\n\n\n<p>S\u2019il vous plait respectez les voisins et mettez le son au niveau bas (pas de bruit de 22h \u00e0 8h ).<\/p>\n\n\n\n<p>Le logement n\u2019est pas adapt\u00e9 \u00e0 faire des f\u00eates .<\/p>\n<\/div><\/div>\n\n\n\n<div class=\"wp-block-media-text is-stacked-on-mobile is-vertically-aligned-center\" style=\"grid-template-columns:15% auto\"><figure class=\"wp-block-media-text__media\"><img loading=\"lazy\" decoding=\"async\" width=\"88\" height=\"68\" src=\"https:\/\/escapademimizan.fr\/wp-content\/uploads\/2024\/11\/Livret-daccueil-T2-Mimizan-27-2.png\" alt=\"\" class=\"wp-image-389 size-full\"\/><\/figure><div class=\"wp-block-media-text__content\">\n<p><\/p>\n\n\n\n<p>Vous profitez d\u2019une <strong>connexion wifi gratuite<\/strong> .<\/p>\n\n\n\n<p>Veuillez scanner le Scan code pour y acc\u00e9der. Il est interdit de t\u00e9l\u00e9charger des contenus ill\u00e9gaux depuis ce compte durant votre s\u00e9jour . Le scan code est disponible dans le livret d&#8217;accueil du logement .<\/p>\n<\/div><\/div>\n\n\n\n<div class=\"wp-block-media-text is-stacked-on-mobile is-vertically-aligned-center\" style=\"grid-template-columns:15% auto\"><figure class=\"wp-block-media-text__media\"><img loading=\"lazy\" decoding=\"async\" width=\"91\" height=\"96\" src=\"http:\/\/escapademimizan.fr\/wp-content\/uploads\/2024\/11\/Livret-daccueil-T2-Mimizan-44.png\" alt=\"\" class=\"wp-image-367 size-full\"\/><\/figure><div class=\"wp-block-media-text__content\">\n<p><\/p>\n\n\n\n<p><strong>Le t\u00e9l\u00e9viseur est connect\u00e9 \u00e0 internet.<\/strong> Vous pouvez profiter de vos abonnements Netflix, Canal plus ou Deezer\u2026 en vous identifiant avec vos codes personnels. Veuillez effacer les codes \u00e0 votre d\u00e9part.<\/p>\n\n\n\n<p><strong>La radio est accessible<\/strong> en passant par la fonction \u201cbrowser\u201d du t\u00e9l\u00e9viseur.<\/p>\n<\/div><\/div>\n<\/div>\n\n\n\n<div class=\"wp-block-column is-layout-flow wp-block-column-is-layout-flow\" style=\"flex-basis:33.33%\"><div class=\"wp-block-image\">\n<figure class=\"aligncenter size-large is-resized\"><img loading=\"lazy\" decoding=\"async\" width=\"243\" height=\"1024\" src=\"http:\/\/escapademimizan.fr\/wp-content\/uploads\/2024\/11\/Livret-daccueil-T2-Mimizan-9-243x1024.png\" alt=\"\" class=\"wp-image-124\" style=\"width:278px;height:auto\" srcset=\"https:\/\/escapademimizan.fr\/wp-content\/uploads\/2024\/11\/Livret-daccueil-T2-Mimizan-9-243x1024.png 243w, https:\/\/escapademimizan.fr\/wp-content\/uploads\/2024\/11\/Livret-daccueil-T2-Mimizan-9-71x300.png 71w\" sizes=\"auto, (max-width: 243px) 100vw, 243px\" \/><\/figure>\n<\/div><\/div>\n<\/div>\n\n\n\n<p class=\"has-contrast-3-background-color has-background\"><\/p>\n\n\n\n<p><\/p>\n","protected":false},"excerpt":{"rendered":"<p>Afin de garantir une exp\u00e9rience agr\u00e9able pour tous nos h\u00f4tes nous vous demandons de respecter les r\u00e8gles suivantes : Nous avons une politique stricte non fumeur \u00e0 l\u2019int\u00e9rieur du logement. Aussi nous vous prions de fumer en ext\u00e9rieur uniquement et de disposer de vos m\u00e9gots de mani\u00e8re responsable . Animaux de compagnie : nous regrettons &#8230; <a title=\"Les r\u00e8gles de la maison\" class=\"read-more\" href=\"https:\/\/escapademimizan.fr\/?page_id=121\" aria-label=\"Read more about Les r\u00e8gles de la maison\">Read more<\/a><\/p>\n","protected":false},"author":1,"featured_media":0,"parent":0,"menu_order":0,"comment_status":"closed","ping_status":"closed","template":"","meta":{"_ti_tpc_template_sync":false,"_ti_tpc_template_id":"","footnotes":""},"class_list":["post-121","page","type-page","status-publish"],"_links":{"self":[{"href":"https:\/\/escapademimizan.fr\/index.php?rest_route=\/wp\/v2\/pages\/121","targetHints":{"allow":["GET"]}}],"collection":[{"href":"https:\/\/escapademimizan.fr\/index.php?rest_route=\/wp\/v2\/pages"}],"about":[{"href":"https:\/\/escapademimizan.fr\/index.php?rest_route=\/wp\/v2\/types\/page"}],"author":[{"embeddable":true,"href":"https:\/\/escapademimizan.fr\/index.php?rest_route=\/wp\/v2\/users\/1"}],"replies":[{"embeddable":true,"href":"https:\/\/escapademimizan.fr\/index.php?rest_route=%2Fwp%2Fv2%2Fcomments&post=121"}],"version-history":[{"count":14,"href":"https:\/\/escapademimizan.fr\/index.php?rest_route=\/wp\/v2\/pages\/121\/revisions"}],"predecessor-version":[{"id":391,"href":"https:\/\/escapademimizan.fr\/index.php?rest_route=\/wp\/v2\/pages\/121\/revisions\/391"}],"wp:attachment":[{"href":"https:\/\/escapademimizan.fr\/index.php?rest_route=%2Fwp%2Fv2%2Fmedia&parent=121"}],"curies":[{"name":"wp","href":"https:\/\/api.w.org\/{rel}","templated":true}]}}