{"id":106,"date":"2024-11-11T10:18:28","date_gmt":"2024-11-11T09:18:28","guid":{"rendered":"https:\/\/escapademimizan.fr\/?page_id=106"},"modified":"2025-07-16T16:45:11","modified_gmt":"2025-07-16T14:45:11","slug":"notre-logement","status":"publish","type":"page","link":"https:\/\/escapademimizan.fr\/?page_id=106","title":{"rendered":"D\u00e9couvrez notre Logement"},"content":{"rendered":"\n<p class=\"has-contrast-2-color has-text-color has-link-color wp-elements-84620e8555665c546f80d6453ee33ceb\" style=\"text-transform:none\">Pur style marin, le bois est la mati\u00e8re principale de notre logement. Nous l\u2019avons souhait\u00e9 fonctionnel et confortable. R\u00e9cemment r\u00e9nov\u00e9, nous l\u2019avons \u00e9quip\u00e9 de la Climatisation et du Wifi.<\/p>\n\n\n\n<div class=\"wp-block-columns is-layout-flex wp-container-core-columns-is-layout-9d6595d7 wp-block-columns-is-layout-flex\">\n<div class=\"wp-block-column is-layout-flow wp-block-column-is-layout-flow\">\n<div class=\"wp-block-media-text is-stacked-on-mobile is-vertically-aligned-top\"><figure class=\"wp-block-media-text__media\"><img loading=\"lazy\" decoding=\"async\" width=\"684\" height=\"1024\" src=\"http:\/\/escapademimizan.fr\/wp-content\/uploads\/2024\/11\/IMG_3239-684x1024.png\" alt=\"\" class=\"wp-image-201 size-full\" srcset=\"https:\/\/escapademimizan.fr\/wp-content\/uploads\/2024\/11\/IMG_3239-684x1024.png 684w, https:\/\/escapademimizan.fr\/wp-content\/uploads\/2024\/11\/IMG_3239-200x300.png 200w, https:\/\/escapademimizan.fr\/wp-content\/uploads\/2024\/11\/IMG_3239-768x1150.png 768w, https:\/\/escapademimizan.fr\/wp-content\/uploads\/2024\/11\/IMG_3239-1026x1536.png 1026w, https:\/\/escapademimizan.fr\/wp-content\/uploads\/2024\/11\/IMG_3239-1368x2048.png 1368w\" sizes=\"auto, (max-width: 684px) 100vw, 684px\" \/><\/figure><div class=\"wp-block-media-text__content\">\n<p class=\"has-contrast-3-color has-text-color has-link-color has-medium-font-size wp-elements-a07bfc10d1790ed4db24c032359b9bb6\"><strong>La cuisine ouverte<\/strong><\/p>\n\n\n\n<p><strong>La cuisine est \u00e9quip\u00e9e :<\/strong><\/p>\n\n\n\n<ul class=\"wp-block-list\">\n<li>D\u2019un four \u00e9lectrique et d\u2019un four \u00e0 micro ondes.<\/li>\n\n\n\n<li>D\u2019une plaque vitroc\u00e9ramique<\/li>\n\n\n\n<li>D\u2019une machine \u00e0 caf\u00e9 tassimo d\u2019une bouilloire et d\u2019un grille pain<\/li>\n\n\n\n<li>De tout le n\u00e9cessaire de repas et de cuisson<\/li>\n\n\n\n<li>Vous trouverez dans le placard haut quelques produits de base (sucre, sel, huile..) pour une arriv\u00e9e plus confortable<\/li>\n<\/ul>\n<\/div><\/div>\n<\/div>\n\n\n\n<div class=\"wp-block-column is-layout-flow wp-block-column-is-layout-flow\">\n<div class=\"wp-block-media-text is-stacked-on-mobile\"><figure class=\"wp-block-media-text__media\"><img loading=\"lazy\" decoding=\"async\" width=\"768\" height=\"1024\" src=\"http:\/\/escapademimizan.fr\/wp-content\/uploads\/2024\/11\/IMG_5414-768x1024.jpg\" alt=\"\" class=\"wp-image-203 size-full\" srcset=\"https:\/\/escapademimizan.fr\/wp-content\/uploads\/2024\/11\/IMG_5414-768x1024.jpg 768w, https:\/\/escapademimizan.fr\/wp-content\/uploads\/2024\/11\/IMG_5414-225x300.jpg 225w, https:\/\/escapademimizan.fr\/wp-content\/uploads\/2024\/11\/IMG_5414-1152x1536.jpg 1152w, https:\/\/escapademimizan.fr\/wp-content\/uploads\/2024\/11\/IMG_5414-1536x2048.jpg 1536w, https:\/\/escapademimizan.fr\/wp-content\/uploads\/2024\/11\/IMG_5414-scaled.jpg 1920w\" sizes=\"auto, (max-width: 768px) 100vw, 768px\" \/><\/figure><div class=\"wp-block-media-text__content\">\n<p class=\"has-contrast-3-color has-text-color has-link-color has-medium-font-size wp-elements-7a36139c91e612408611f47a49a7664d\"><strong>Le coin salon<\/strong><\/p>\n\n\n\n<p><strong>Le coin salon est \u00e9quip\u00e9<\/strong>:<\/p>\n\n\n\n<ul class=\"wp-block-list\">\n<li>D\u2019un t\u00e9l\u00e9viseur connect\u00e9 avec radio<\/li>\n\n\n\n<li>D\u2019un canap\u00e9<\/li>\n\n\n\n<li>D\u2019une table basse<\/li>\n\n\n\n<li>D\u2019une lampe d\u2019ambiance<\/li>\n<\/ul>\n<\/div><\/div>\n<\/div>\n<\/div>\n\n\n\n<div class=\"wp-block-columns is-layout-flex wp-container-core-columns-is-layout-9d6595d7 wp-block-columns-is-layout-flex\">\n<div class=\"wp-block-column is-layout-flow wp-block-column-is-layout-flow\">\n<div class=\"wp-block-media-text is-stacked-on-mobile is-vertically-aligned-top\"><figure class=\"wp-block-media-text__media\"><img loading=\"lazy\" decoding=\"async\" width=\"1024\" height=\"925\" src=\"http:\/\/escapademimizan.fr\/wp-content\/uploads\/2024\/11\/image-chambre-1024x925.png\" alt=\"La chambre du logement escapade mimizan\" class=\"wp-image-260 size-full\" srcset=\"https:\/\/escapademimizan.fr\/wp-content\/uploads\/2024\/11\/image-chambre-1024x925.png 1024w, https:\/\/escapademimizan.fr\/wp-content\/uploads\/2024\/11\/image-chambre-300x271.png 300w, https:\/\/escapademimizan.fr\/wp-content\/uploads\/2024\/11\/image-chambre-768x694.png 768w, https:\/\/escapademimizan.fr\/wp-content\/uploads\/2024\/11\/image-chambre-1536x1388.png 1536w, https:\/\/escapademimizan.fr\/wp-content\/uploads\/2024\/11\/image-chambre-2048x1851.png 2048w\" sizes=\"auto, (max-width: 1024px) 100vw, 1024px\" \/><\/figure><div class=\"wp-block-media-text__content\">\n<p class=\"has-contrast-3-color has-text-color has-link-color has-medium-font-size wp-elements-8e5ba6b1a63becd2e455db0f16a10905\"><strong>La chambre <\/strong><\/p>\n\n\n\n<p><strong>Dans la chambre vous trouverez :<\/strong><\/p>\n\n\n\n<ul class=\"wp-block-list\">\n<li>Un grand placard penderie ,<\/li>\n\n\n\n<li>Un s\u00e9choir pliant,<\/li>\n\n\n\n<li>Un fer \u00e0 repasser et une table \u00e0 repasser.<\/li>\n<\/ul>\n<\/div><\/div>\n<\/div>\n\n\n\n<div class=\"wp-block-column is-vertically-aligned-top is-layout-flow wp-block-column-is-layout-flow\">\n<div class=\"wp-block-media-text is-stacked-on-mobile is-vertically-aligned-top\"><figure class=\"wp-block-media-text__media\"><img loading=\"lazy\" decoding=\"async\" width=\"768\" height=\"1024\" src=\"http:\/\/escapademimizan.fr\/wp-content\/uploads\/2024\/11\/IMG_5472-768x1024.jpg\" alt=\"\" class=\"wp-image-233 size-full\" srcset=\"https:\/\/escapademimizan.fr\/wp-content\/uploads\/2024\/11\/IMG_5472-768x1024.jpg 768w, https:\/\/escapademimizan.fr\/wp-content\/uploads\/2024\/11\/IMG_5472-225x300.jpg 225w, https:\/\/escapademimizan.fr\/wp-content\/uploads\/2024\/11\/IMG_5472-1152x1536.jpg 1152w, https:\/\/escapademimizan.fr\/wp-content\/uploads\/2024\/11\/IMG_5472-1536x2048.jpg 1536w, https:\/\/escapademimizan.fr\/wp-content\/uploads\/2024\/11\/IMG_5472-scaled.jpg 1920w\" sizes=\"auto, (max-width: 768px) 100vw, 768px\" \/><\/figure><div class=\"wp-block-media-text__content\">\n<p class=\"has-contrast-3-color has-text-color has-link-color has-medium-font-size wp-elements-66c12969af6fa57dd30f2463d4778960\"><strong>La terrasse<\/strong><\/p>\n\n\n\n<p><strong>Nous avons \u00e9quip\u00e9 la terrasse de<\/strong><\/p>\n\n\n\n<ul class=\"wp-block-list\">\n<li>Chaises et table de jardin pour des repas en ext\u00e9rieur<\/li>\n\n\n\n<li>Transat et parasol pour des moments tranquilles<\/li>\n\n\n\n<li>V\u00e9los (sur demande)<\/li>\n<\/ul>\n<\/div><\/div>\n<\/div>\n<\/div>\n\n\n\n<div class=\"wp-block-columns is-layout-flex wp-container-core-columns-is-layout-9d6595d7 wp-block-columns-is-layout-flex\">\n<div class=\"wp-block-column is-layout-flow wp-block-column-is-layout-flow\">\n<div class=\"wp-block-media-text is-stacked-on-mobile is-vertically-aligned-top\"><figure class=\"wp-block-media-text__media\"><img loading=\"lazy\" decoding=\"async\" width=\"1024\" height=\"684\" src=\"http:\/\/escapademimizan.fr\/wp-content\/uploads\/2024\/11\/DSC00015-1024x684.png\" alt=\"\" class=\"wp-image-243 size-full\" srcset=\"https:\/\/escapademimizan.fr\/wp-content\/uploads\/2024\/11\/DSC00015-1024x684.png 1024w, https:\/\/escapademimizan.fr\/wp-content\/uploads\/2024\/11\/DSC00015-300x200.png 300w, https:\/\/escapademimizan.fr\/wp-content\/uploads\/2024\/11\/DSC00015-768x513.png 768w, https:\/\/escapademimizan.fr\/wp-content\/uploads\/2024\/11\/DSC00015-1536x1026.png 1536w, https:\/\/escapademimizan.fr\/wp-content\/uploads\/2024\/11\/DSC00015-2048x1368.png 2048w\" sizes=\"auto, (max-width: 1024px) 100vw, 1024px\" \/><\/figure><div class=\"wp-block-media-text__content\">\n<p class=\"has-contrast-3-color has-text-color has-link-color has-medium-font-size wp-elements-98bb8debe6fa70ae27346fe735289953\"><strong>La salle de bains <\/strong><\/p>\n\n\n\n<p>La salle de bain et les wc sont s\u00e9par\u00e9s<\/p>\n\n\n\n<p>Dans la salle de bains vous trouverez<\/p>\n\n\n\n<ul class=\"wp-block-list\">\n<li>un lavabo<\/li>\n\n\n\n<li>une douche<\/li>\n\n\n\n<li>un s\u00e8che-cheveux<\/li>\n<\/ul>\n<\/div><\/div>\n<\/div>\n\n\n\n<div class=\"wp-block-column is-layout-flow wp-block-column-is-layout-flow\"><div class=\"wp-block-image\">\n<figure class=\"aligncenter size-full is-resized\"><img loading=\"lazy\" decoding=\"async\" width=\"543\" height=\"218\" src=\"http:\/\/escapademimizan.fr\/wp-content\/uploads\/2024\/11\/Tous-eco-responsables-2.png\" alt=\"\" class=\"wp-image-409\" style=\"width:252px;height:auto\" srcset=\"https:\/\/escapademimizan.fr\/wp-content\/uploads\/2024\/11\/Tous-eco-responsables-2.png 543w, https:\/\/escapademimizan.fr\/wp-content\/uploads\/2024\/11\/Tous-eco-responsables-2-300x120.png 300w\" sizes=\"auto, (max-width: 543px) 100vw, 543px\" \/><\/figure>\n<\/div><\/div>\n<\/div>\n\n\n\n<div class=\"wp-block-columns is-layout-flex wp-container-core-columns-is-layout-9d6595d7 wp-block-columns-is-layout-flex\">\n<div class=\"wp-block-column is-layout-flow wp-block-column-is-layout-flow\">\n<div class=\"wp-block-columns is-layout-flex wp-container-core-columns-is-layout-9d6595d7 wp-block-columns-is-layout-flex\">\n<div class=\"wp-block-column is-layout-flow wp-block-column-is-layout-flow\">\n<p class=\"has-text-align-left has-contrast-color has-contrast-3-background-color has-text-color has-background has-link-color has-medium-font-size wp-elements-f7e89e3119a95eeaec7f7a3e8e075ce3\">Le Linge<\/p>\n<\/div>\n\n\n\n<div class=\"wp-block-column is-layout-flow wp-block-column-is-layout-flow\"><\/div>\n<\/div>\n<\/div>\n\n\n\n<div class=\"wp-block-column is-layout-flow wp-block-column-is-layout-flow\"><\/div>\n<\/div>\n\n\n\n<div class=\"wp-block-columns is-layout-flex wp-container-core-columns-is-layout-9d6595d7 wp-block-columns-is-layout-flex\">\n<div class=\"wp-block-column is-layout-flow wp-block-column-is-layout-flow\">\n<p class=\"has-contrast-color has-text-color has-link-color wp-elements-d8177b1f92503c0a2214b7b75fb913d1\"><strong>Le linge de lit et de bain n\u2019est pas inclus dans la location<\/strong>, si vous le souhaitez nous pouvons vous les fournir au prix de:<\/p>\n\n\n\n<ul class=\"wp-block-list\">\n<li><strong>25\u20ac pour le linge de lit<\/strong> (housse de couette, drap housse, taie d\u2018oreiller). Le lit sera fait \u00e0 votre arriv\u00e9e.<\/li>\n\n\n\n<li><strong>15\u20ac\/personne pour le linge de bain<\/strong> (un drap de bain + 1 petite serviette par personne)<\/li>\n<\/ul>\n\n\n\n<p class=\"has-contrast-3-color has-text-color has-link-color wp-elements-0c1895bb32aca3700023eb7f66b96009\"><strong>Merci de nous en informer d\u00e8s votre r\u00e9servation !<\/strong><\/p>\n<\/div>\n\n\n\n<div class=\"wp-block-column is-layout-flow wp-block-column-is-layout-flow\">\n<p class=\"has-text-align-right has-accent-color has-text-color has-link-color wp-elements-da602b64b8dfdc0f1022c1cd3819e305\"><strong>Il manque quelque chose?<\/strong><\/p>\n\n\n\n<p class=\"has-base-3-color has-text-color has-background has-link-color wp-elements-d778616d9c7be01bec01e5128ea6f707\" style=\"background-color:#a5787f\">Nous sommes attentifs \u00e0 votre bien-\u00eatre, aussi n\u2019h\u00e9sitez pas \u00e0 nous faire remonter vos remarques et suggestions, nous en tiendrons compte !<\/p>\n<\/div>\n<\/div>\n\n\n\n<p class=\"has-contrast-color has-base-background-color has-text-color has-background has-link-color wp-elements-7d1dcd9a2c81a0a7fab215744c15c267\"><\/p>\n\n\n\n<p><\/p>\n","protected":false},"excerpt":{"rendered":"<p>Pur style marin, le bois est la mati\u00e8re principale de notre logement. Nous l\u2019avons souhait\u00e9 fonctionnel et confortable. R\u00e9cemment r\u00e9nov\u00e9, nous l\u2019avons \u00e9quip\u00e9 de la Climatisation et du Wifi. La cuisine ouverte La cuisine est \u00e9quip\u00e9e : Le coin salon Le coin salon est \u00e9quip\u00e9: La chambre Dans la chambre vous trouverez : La terrasse &#8230; <a title=\"D\u00e9couvrez notre Logement\" class=\"read-more\" href=\"https:\/\/escapademimizan.fr\/?page_id=106\" aria-label=\"Read more about D\u00e9couvrez notre Logement\">Read more<\/a><\/p>\n","protected":false},"author":1,"featured_media":0,"parent":0,"menu_order":0,"comment_status":"closed","ping_status":"closed","template":"","meta":{"_ti_tpc_template_sync":false,"_ti_tpc_template_id":"","footnotes":""},"class_list":["post-106","page","type-page","status-publish"],"_links":{"self":[{"href":"https:\/\/escapademimizan.fr\/index.php?rest_route=\/wp\/v2\/pages\/106","targetHints":{"allow":["GET"]}}],"collection":[{"href":"https:\/\/escapademimizan.fr\/index.php?rest_route=\/wp\/v2\/pages"}],"about":[{"href":"https:\/\/escapademimizan.fr\/index.php?rest_route=\/wp\/v2\/types\/page"}],"author":[{"embeddable":true,"href":"https:\/\/escapademimizan.fr\/index.php?rest_route=\/wp\/v2\/users\/1"}],"replies":[{"embeddable":true,"href":"https:\/\/escapademimizan.fr\/index.php?rest_route=%2Fwp%2Fv2%2Fcomments&post=106"}],"version-history":[{"count":13,"href":"https:\/\/escapademimizan.fr\/index.php?rest_route=\/wp\/v2\/pages\/106\/revisions"}],"predecessor-version":[{"id":438,"href":"https:\/\/escapademimizan.fr\/index.php?rest_route=\/wp\/v2\/pages\/106\/revisions\/438"}],"wp:attachment":[{"href":"https:\/\/escapademimizan.fr\/index.php?rest_route=%2Fwp%2Fv2%2Fmedia&parent=106"}],"curies":[{"name":"wp","href":"https:\/\/api.w.org\/{rel}","templated":true}]}}